{"id":9,"date":"2012-06-15T14:47:14","date_gmt":"2012-06-15T13:47:14","guid":{"rendered":"http:\/\/blogs.lshtm.ac.uk\/alsfordlab\/?page_id=9"},"modified":"2025-11-24T09:45:46","modified_gmt":"2025-11-24T09:45:46","slug":"publications","status":"publish","type":"page","link":"https:\/\/blogs.lshtm.ac.uk\/alsfordlab\/publications\/","title":{"rendered":"Publications"},"content":{"rendered":"<p><a title=\"citations, metrics, etc\" href=\"https:\/\/scholar.google.co.uk\/citations?user=_IZ9kPoAAAAJ&amp;hl=en\" target=\"_blank\" rel=\"noopener noreferrer\">Google Scholar <\/a> | <a href=\"https:\/\/orcid.org\/0000-0001-8621-4920\" target=\"_blank\" rel=\"noopener noreferrer\"> ORCID iD: 0000-0001-8621-4920<\/a><\/p>\n<p><strong>Bis-6-amidino-benzothiazole Derivative that Cures Experimental Stage 1 African Trypanosomiasis with a Single Dose.<\/strong><br \/>Racan\u00e9 L, Pti\u010dek L, Kostrun S, Rai\u0107-Mali\u0107 S, Taylor MC, Delves M, Alsford S, Olmo F, Francisco Fortes, A, Kelly JM (2023) <a title=\"Full Text\" data-wplink-edit=\"true\" href=\"https:\/\/pubs.acs.org\/doi\/10.1021\/acs.jmedchem.3c01051\" target=\"_blank\" rel=\"noopener\"><em>Journal of Medicinal Chemistry<\/em> 66: 13043-13057<\/a><\/p>\n<p><strong>Synthetic biology tools for engineering Goodwin oscillation in Trypanosoma brucei.<\/strong><br \/>Borg Y, Alsford S, Pavlika V, Zaikin A, Nesbeth DN (2022) <a title=\"Full Text\" data-wplink-edit=\"true\" href=\"https:\/\/www.cell.com\/heliyon\/fulltext\/S2405-8440(22)00179-7?_returnURL=https%3A%2F%2Flinkinghub.elsevier.com%2Fretrieve%2Fpii%2FS2405844022001797%3Fshowall%3Dtrue\" target=\"_blank\" rel=\"noopener\"><em>Heliyon<\/em> 8:e08891<\/a><\/p>\n<p><strong>TbSAP is a novel chromatin protein repressing metacyclic variant surface glycoprotein expression sites in bloodstream form <em>Trypanosoma brucei<\/em>.<\/strong><br \/>Davies C, Ooi CP, Sioutas G, Hall BS, Sidhu H, Butter F, Alsford S, Wickstead B, Rudenko G (2021) <a title=\"Full Text\" href=\"https:\/\/academic.oup.com\/nar\/article\/49\/6\/3242\/6154463#\" target=\"_blank\" rel=\"noopener\"><em>Nucleic Acids Research<\/em> 49: 3242-62<\/a><\/p>\n<h2 class=\"wp-block-heading\">2016-2020<\/h2>\n<p><strong>Chemogenomic profiling of anti-leishmanial efficacy and resistance in the related kinetoplastid parasite <em>Trypanosoma brucei<\/em>.<\/strong><br \/>Collett CF, Kitson C, Baker N, Steele-Stallard HB, Santrot MV, Hutchinson S, Horn D, Alsford S (2019) <a title=\"Full Text\" href=\"https:\/\/aac.asm.org\/content\/63\/8\/e00795-19\" target=\"_blank\" rel=\"noopener noreferrer\"><em>Antimicrobial Agents &amp; Chemotherapy<\/em> 63: e00795-19<\/a><\/p>\n<p><strong>Insights into antitrypanosomal drug mode-of-action from cytology-based profiling.<\/strong><br \/>Thomas J, Baker N, Glover L, Dominicus C, Alsford S, Hutchinson S, Horn D (2018) <a title=\"Full Text\" href=\"https:\/\/journals.plos.org\/plosntds\/article?id=10.1371\/journal.pntd.0006980\" target=\"_blank\" rel=\"noopener noreferrer\"><em>PLoS Neglected Tropical Diseases<\/em> 12: e0006980<\/a><\/p>\n<p><strong>Decoding the network of <em>Trypanosoma brucei<\/em> proteins that determines sensitivity to apolipoprotein-L1.<\/strong><br \/>Currier RB, Cooper A, Burrell-Saward H, MacLeod A, Alsford S (2018) <a title=\"Full Text\" href=\"http:\/\/journals.plos.org\/plospathogens\/article?id=10.1371\/journal.ppat.1006855\" target=\"_blank\" rel=\"noopener noreferrer\"><em>PLoS Pathogens<\/em> 14: e1006855<\/a><\/p>\n<p><strong>Ornithine uptake and the modulation of drug sensitivity in <em>Trypanosoma brucei<\/em>.<\/strong><br \/>Macedo JP, Currier RB, Wirdnam C, Horn D, Alsford S, Rentsch D (2017) <a title=\"Full Text\" href=\"http:\/\/www.fasebj.org\/content\/31\/10\/4649.full\" target=\"_blank\" rel=\"noopener noreferrer\"><em>FASEB Journal<\/em> 31: 4649-60<\/a><\/p>\n<p><strong>Distinct activation mechanisms trigger the trypanocidal activity of DNA damaging prodrugs.<\/strong><br \/>Meredith E,&nbsp;Kumar A, Konno A, Szular J, Alsford S, Seifert K, Horn D, Wilkinson S (2017) <a title=\"Full Text\" href=\"http:\/\/onlinelibrary.wiley.com\/doi\/10.1111\/mmi.13767\/full\" target=\"_blank\" rel=\"noopener noreferrer\"><em>Molecular Microbiology<\/em>&nbsp;106: 207-22<\/a><\/p>\n<p><strong>Genome-wide and protein kinase-focused RNAi screens reveal conserved and novel damage response pathways in <em>Trypanosoma brucei<\/em>.<\/strong><br \/>Stortz JA, Serafim TD, Alsford S, Wilkes J, Fernandes-Cortes F, Hamilton G, Briggs E, Lemgruber L, Horn D, Mottram JC, McCulloch R (2017) <a title=\"Full Text\" href=\"http:\/\/journals.plos.org\/plospathogens\/article?id=10.1371\/journal.ppat.1006477\" target=\"_blank\" rel=\"noopener noreferrer\"> <em>PLoS Pathogens<\/em> 13: e1006477<\/a><\/p>\n<p><strong>Co-dependence between trypanosome nuclear lamina components in nuclear stability and control of gene expression.<\/strong><br \/>Maishman L, Obado SO, Alsford S, Bart J, Chen W-M, Ratushny AV, Navarro M, Horn D, Aitchison JD, Chait BT, Rout MP, Field MC (2016) <a title=\"Full Text\" href=\"https:\/\/academic.oup.com\/nar\/article-lookup\/doi\/10.1093\/nar\/gkw751\" target=\"_blank\" rel=\"noopener noreferrer\"><em>Nucleic Acids Research<\/em> 44: 10554-70<\/a><\/p>\n<p><strong>VEX1 controls the allelic exclusion required for antigenic variation in trypanosomes.<\/strong><br \/>Glover L, Hutchinson S, Alsford S, Horn D (2016)<a title=\"Full Text\" href=\"http:\/\/www.pnas.org\/content\/113\/26\/7225.long\" target=\"_blank\" rel=\"noopener noreferrer\"><em> Proceedings of the National Academy of Sciences (USA)<\/em> 113: 7225-30<\/a><\/p>\n<h2 class=\"wp-block-heading\">2011-15<\/h2>\n<p><strong>Modulation of the surface proteome through multiple ubiquitylation pathways in African trypanosomes.<\/strong><br \/>Zoltner M, Leung K-F, Alsford S, Horn D, Field MC (2015) <a title=\"Full Text\" href=\"http:\/\/journals.plos.org\/plospathogens\/article?id=10.1371\/journal.ppat.1005236\" target=\"_blank\" rel=\"noopener noreferrer\"><em>PLoS Pathogens<\/em> 11: e1005236<\/a><\/p>\n<p><strong>Genome-scale RNAi screens for high-throughput phenotyping in bloodstream form African trypanosomes.<\/strong><br \/>Glover L, Alsford S, Baker N, Turner DJ, Sanchez-Flores A, Hutchinson S, Hertz-Fowler C, Berriman M and Horn D (2015) <a title=\"PubMed\" href=\"http:\/\/www.ncbi.nlm.nih.gov\/pubmed\/25502887\" target=\"_blank\" rel=\"noopener noreferrer\"><em>Nature Protocols<\/em> 10: 106-33<\/a><\/p>\n<p><b><strong>Subverting lysosomal function in<em> Trypanosoma<\/em><\/strong><\/b><strong><em> brucei<\/em> <\/strong>(Editorial)<br \/>Alsford S (2015) <a title=\"Full Text\" href=\"http:\/\/microbialcell.com\/researcharticles\/subverting-lysosomal-function-in-trypanosoma-brucei\/\" target=\"_blank\" rel=\"noopener noreferrer\"><em>Microbial Cell<\/em> 2: 259-61<\/a><\/p>\n<p><b><strong>Increased <em>Trypanosoma brucei<\/em> cathepsin-L activity inhibits human serum-mediated trypanolysis<\/strong><\/b> (Commentary)<br \/>Alsford S (2014) <a title=\"Full Text\" href=\"http:\/\/microbialcell.com\/researcharticles\/increased-trypanosoma-brucei-cathepsin-l-activity-inhibits-human-serum-mediated-trypanolysis\/\" target=\"_blank\" rel=\"noopener noreferrer\"><em>Microbial Cell<\/em>1: 270-2<\/a><\/p>\n<p><b>Cathepsin-L can resist lysis by human serum in <i>Trypanosoma brucei brucei<\/i>.<\/b><br \/>Alsford S, Currier RB, Guerra-Assuncao JA, Clark TG, Horn D (2014)\u00a0<a title=\"Full Text\" href=\"http:\/\/www.plospathogens.org\/article\/info%3Adoi%2F10.1371%2Fjournal.ppat.1004130\" target=\"_blank\" rel=\"noopener noreferrer\"><em>PLoS Pathogens<\/em>\u00a0 10: e1004130<\/a><\/p>\n<p><strong>Cyclic AMP effectors in African trypanosomes revealed by genome-scale RNAi library screening for resistance to the phosphodiesterase inhibitor Cpd A.<\/strong><br \/>Gould M, Bachmaier S, Ali J, Alsford S, Tagoe D, Munday J, Schnauffer A, Horn D, Boshart M, De Koning H (2013) <a title=\"Full Text\" href=\"http:\/\/aac.asm.org\/content\/57\/10\/4882.long\" target=\"_blank\" rel=\"noopener noreferrer\"><em>Antimicrobial Agents &amp; Chemotherapy<\/em> 57: 4882-93<\/a><\/p>\n<p><strong>DNA break site at fragile subtelomeres determines probability and mechanism of antigenic variation in African trypanosomes.<\/strong><br \/>Glover L, Alsford S, Horn D (2013) <a title=\"Full Text\" href=\"http:\/\/www.plospathogens.org\/article\/info%3Adoi%2F10.1371%2Fjournal.ppat.1003260\" target=\"_blank\" rel=\"noopener noreferrer\"><em>PLoS Pathogens<\/em>\u00a09: e1003260<\/a><\/p>\n<p><strong>Receptor mediated endocytosis for drug delivery in African trypanosomes: fulfilling Paul Ehrlich\u2019s vision of chemotherapy <\/strong>(Review)<br \/>Alsford S, Field MC, Horn D (2013) <a title=\"PubMed\" href=\"http:\/\/www.ncbi.nlm.nih.gov\/pubmed\/23601931\" target=\"_blank\" rel=\"noopener noreferrer\"><em>Trends in Parasitology<\/em>&nbsp;29: 207-12<\/a><br \/>(Featured on the front cover of the <a href=\"http:\/\/www.cell.com\/trends\/parasitology\/issue?pii=S1471-4922%2813%29X0005-4\" target=\"_blank\" rel=\"noopener noreferrer\">May<\/a> issue)<\/p>\n<p><strong>Antigenic variation in African trypanosomes: the importance of chromosomal and nuclear context in VSG expression control<\/strong> (Review)<br \/>Glover L, Hutchinson S, Alsford S, McCulloch R, Field MC, Horn D (2013) <a title=\"PubMed\" href=\"http:\/\/www.ncbi.nlm.nih.gov\/pubmed\/24047558\" target=\"_blank\" rel=\"noopener noreferrer\"><em>Cellular Microbiology<\/em>&nbsp;15: 1984-93<\/a>&nbsp;| <a title=\"Full Text\" href=\"http:\/\/onlinelibrary.wiley.com\/doi\/10.1111\/cmi.12215\/pdf\" target=\"_blank\" rel=\"noopener noreferrer\">PDF<\/a><\/p>\n<p><strong>Genetic dissection of drug resistance in trypanosomes<\/strong> (Review)<br \/>Alsford S, Kelly JM, Baker N, Horn D (2013) <a title=\"PubMed\" href=\"http:\/\/www.ncbi.nlm.nih.gov\/pubmed\/23552488\" target=\"_blank\" rel=\"noopener noreferrer\"><em>Parasitology<\/em> 140: 1478-91<\/a> | <a href=\"http:\/\/journals.cambridge.org\/download.php?file=%2FPAR%2FPAR140_12%2FS003118201300022Xa.pdf&amp;code=83fe46efb53cf2bc7fc0936b8a4b398c\" target=\"_blank\" rel=\"noopener noreferrer\">PDF<\/a><\/p>\n<p><strong>Cell cycle regulated control of VSG expression site silencing by the chromatin chaperones CAF-1b and ASF1A in <em>T. brucei<\/em>.<\/strong><br \/>Alsford S, Horn D (2012) <a title=\"Full Text\" href=\"https:\/\/academic.oup.com\/nar\/article-lookup\/doi\/10.1093\/nar\/gks813\" target=\"_blank\" rel=\"noopener noreferrer\"><em>Nucleic Acids Research<\/em> 40: 10150-60<\/a><\/p>\n<p><strong>NUP-1 is a large coiled-coil nucleoskeletal protein in trypanosomes with lamin-like functions.<\/strong><br \/>DuBois K, Alsford S, Holden JM, Buisson J, Swiderski M, Bart J, Bastin P, Barry D, Navarro M, Horn D, Aitchison J, Rout M, Field MC (2012) <a title=\"Full Text\" href=\"http:\/\/www.plosbiology.org\/article\/info%3Adoi%2F10.1371%2Fjournal.pbio.1001287\" target=\"_blank\" rel=\"noopener noreferrer\"><em>PLoS Biology<\/em> 10: e1001287<\/a><\/p>\n<p><strong>High-throughput decoding of anti-trypanosomal drug efficacy and resistance.<\/strong><br \/>Alsford S, Eckert S, Baker N, Glover L, Sanchez-Flores A, Leung K-F, Turner DJ, Field MC, Berriman M, Horn D (2012) <a title=\"PubMed\" href=\"http:\/\/www.ncbi.nlm.nih.gov\/pubmed\/22278056\" target=\"_blank\" rel=\"noopener noreferrer\"><em>Nature<\/em>, 482: 232-6<\/a> | <a title=\"Full Text (PubMed Central)\" href=\"http:\/\/www.ncbi.nlm.nih.gov\/pmc\/articles\/PMC3303116\/pdf\/ukmss-40204.pdf?tool=pmcentrez\" target=\"_blank\" rel=\"noopener noreferrer\">PDF<\/a><\/p>\n<p><strong>Telomeres, tethers and trypanosomes <\/strong>(Review)<br \/>Field MC, Horn D, Alsford S, Koreny L, Rout MP (2012) <a title=\"PubMed\" href=\"http:\/\/www.ncbi.nlm.nih.gov\/pubmed\/22992703\" target=\"_blank\" rel=\"noopener noreferrer\"><em>Nucleus<\/em>&nbsp;3: 478-86<\/a>&nbsp;| <a title=\"Full Text\" href=\"http:\/\/www.landesbioscience.com\/journals\/nucleus\/2012NUCLEUS0025R.pdf\" target=\"_blank\" rel=\"noopener noreferrer\">PDF<\/a><\/p>\n<p><strong>Epigenetic mechanisms, nuclear architecture and control of gene expression in trypanosomes<\/strong> (Review)<br \/>Alsford S, DuBois K, Horn D, Field MC (2012) <a title=\"PubMed\" href=\"http:\/\/www.ncbi.nlm.nih.gov\/pubmed\/22640744\" target=\"_blank\" rel=\"noopener noreferrer\"><em>Expert Reviews in Molecular Medicine<\/em> 14: e13<\/a><\/p>\n<p><strong>Elongator Protein 3b Negatively Regulates Ribosomal RNA Transcription in African Trypanosomes.<\/strong><br \/>Alsford S, Horn D (2011) <a title=\"PubMed\" href=\"http:\/\/www.ncbi.nlm.nih.gov\/pubmed\/21357738\" target=\"_blank\" rel=\"noopener noreferrer\"><em>Molecular &amp; Cellular Biology<\/em> 31: 1822-32<\/a> | <a title=\"Full Text\" href=\"http:\/\/www.ncbi.nlm.nih.gov\/pmc\/articles\/PMC3133226\/pdf\/zmb1822.pdf?tool=pmcentrez\" target=\"_blank\" rel=\"noopener noreferrer\">PDF<\/a><\/p>\n<p><strong>High throughput phenotyping using parallel sequencing of RNA interference targets in the African trypanosome.<\/strong><br \/>Alsford S, Turner DJ, Obado SO, Sanchez-Flores A, Glover L, Berriman M, Hertz-Fowler C, Horn D (2011) <a title=\"PubMed\" href=\"http:\/\/www.ncbi.nlm.nih.gov\/pubmed\/21363968\" target=\"_blank\" rel=\"noopener noreferrer\"><em>Genome Research <\/em>21: 915-24<\/a> | <a title=\"Full Text\" href=\"http:\/\/www.ncbi.nlm.nih.gov\/pmc\/articles\/PMC3106324\/pdf\/915.pdf?tool=pmcentrez\" target=\"_blank\" rel=\"noopener noreferrer\">PDF<\/a><\/p>\n<p><strong>Genome-wide RNAi screens in African trypanosomes identify the nifurtimox activator NTR and the eflornithine transporter AAT6.<\/strong><br \/>Baker N, Alsford S, Horn D (2011) <a title=\"PubMed\" href=\"http:\/\/www.ncbi.nlm.nih.gov\/pubmed\/21093499\" target=\"_blank\" rel=\"noopener noreferrer\"><em>Molecular &amp; Biochemical Parasitology<\/em> 176: 55-7<\/a> | <a title=\"Full Text (PubMed Central)\" href=\"http:\/\/www.ncbi.nlm.nih.gov\/pmc\/articles\/PMC3032052\/?tool=pmcentrez\" target=\"_blank\" rel=\"noopener noreferrer\">PDF<\/a><\/p>\n<h2 class=\"wp-block-heading\">2006-2010<\/h2>\n<p><strong>RNA interference, growth and differentiation appear normal in African trypanosomes lacking Tudor staphylococcal nuclease.<\/strong><br \/>Alsford S, Kemp L, Kawahara T, Horn D (2010) <a title=\"PubMed\" href=\"http:\/\/www.ncbi.nlm.nih.gov\/pubmed\/20558212\" target=\"_blank\" rel=\"noopener noreferrer\"><em>Molecular &amp; Biochemical Parasitology<\/em> 174: 70-3<\/a> | <a title=\"Full Text (PubMed Central)\" href=\"http:\/\/www.ncbi.nlm.nih.gov\/pmc\/articles\/PMC2935966\/?tool=pmcentrez\" target=\"_blank\" rel=\"noopener noreferrer\">PDF<\/a><\/p>\n<p><strong><strong>DNA breaks as triggers for antigenic variation in African trypanosomes<\/strong><\/strong> (Review)<br \/>Alsford S, Horn D, Glover L (2009) <a title=\"PubMed\" href=\"http:\/\/www.ncbi.nlm.nih.gov\/pubmed\/19519956\" target=\"_blank\" rel=\"noopener noreferrer\"><em>Genome Biology <\/em>10: 223<\/a> | <a title=\"Full Text (PubMed Central)\" href=\"http:\/\/www.ncbi.nlm.nih.gov\/pmc\/articles\/PMC2718488\/pdf\/gb-2009-10-6-223.pdf?tool=pmcentrez\" target=\"_blank\" rel=\"noopener noreferrer\">PDF<\/a><\/p>\n<p><strong><strong>Two essential MYST-family proteins display distinct roles in histone H4K10 acetylation and telomeric silencing in trypanosomes. <\/strong><\/strong><br \/>Kawahara T, Siegel TN, Ingram AK, Alsford S, Cross GA, Horn D (2008) <a title=\"PubMed\" href=\"http:\/\/www.ncbi.nlm.nih.gov\/pubmed\/18631159\" target=\"_blank\" rel=\"noopener noreferrer\"><em>Molecular Microbiology<\/em> 69: 1054-68<\/a> | <a title=\"Full Text\" href=\"http:\/\/www.ncbi.nlm.nih.gov\/pmc\/articles\/PMC2556858\/pdf\/mmi0069-1054.pdf?tool=pmcentrez\" target=\"_blank\" rel=\"noopener noreferrer\">PDF<\/a><\/p>\n<p><strong>Single-locus targeting constructs for reliable regulated RNAi and <em>trans<\/em>-gene expression in <em>Trypanosoma brucei<\/em>.<\/strong><br \/>Alsford S, Horn D (2008) <a title=\"PubMed\" href=\"http:\/\/www.ncbi.nlm.nih.gov\/pubmed\/18588918\" target=\"_blank\" rel=\"noopener noreferrer\"><em>Molecular &amp; Biochemical Parasitology<\/em> 161: 76-9<\/a><\/p>\n<p><strong>RNA polymerase I transcription stimulates homologous recombination in <em>Trypanosoma brucei<\/em>.<\/strong><br \/>Alsford S, Horn D (2007) <a title=\"PubMed\" href=\"http:\/\/www.ncbi.nlm.nih.gov\/pubmed\/17316839\" target=\"_blank\" rel=\"noopener noreferrer\"><em>Molecular &amp; Biochemical Parasitology<\/em> 153:77-9<\/a><\/p>\n<p><strong>Deletion of a trypanosome telomere leads to loss of silencing and progressive loss of terminal DNA in the absence of cell cycle arrest.<\/strong><br \/>Glover L, Alsford S, Beattie C, Horn D (2007) <a title=\"PubMed\" href=\"http:\/\/www.ncbi.nlm.nih.gov\/pubmed\/17251198\" target=\"_blank\" rel=\"noopener noreferrer\"><em>Nucleic Acids Research<\/em> 35: 872-80<\/a> | <a title=\"Full Text (PubMed Central)\" href=\"http:\/\/www.ncbi.nlm.nih.gov\/pmc\/articles\/PMC1807955\/pdf\/gkl1100.pdf?tool=pmcentrez\" target=\"_blank\" rel=\"noopener noreferrer\">PDF<\/a><\/p>\n<p><strong>A sirtuin in the African trypanosome is involved in both DNA repair and telomeric gene silencing but is not required for antigenic variation.<\/strong><br \/>Alsford S, Kawahara T, Isamah C, Horn D (2007) <a title=\"PubMed\" href=\"http:\/\/www.ncbi.nlm.nih.gov\/pubmed\/17214740\" target=\"_blank\" rel=\"noopener noreferrer\"><em>Molecular Microbiology<\/em> 63: 724-36<\/a> | <a title=\"Full Text\" href=\"http:\/\/onlinelibrary.wiley.com\/doi\/10.1111\/j.1365-2958.2006.05553.x\/pdf\" target=\"_blank\" rel=\"noopener noreferrer\">PDF<\/a><\/p>\n<h2 class=\"wp-block-heading\">2001-2005<\/h2>\n<p><strong>Tagging a <em>T. brucei<\/em> RRNA locus improves stable transfection efficiency and circumvents inducible expression position effects.<\/strong><br \/>Alsford S, Kawahara T, Glover L, Horn D (2005) <a title=\"PubMed\" href=\"http:\/\/www.ncbi.nlm.nih.gov\/pubmed\/16182389\" target=\"_blank\" rel=\"noopener noreferrer\"><em>Molecular &amp; Biochemical Parasitology<\/em> 144: 142-8<\/a><\/p>\n<p><strong>Multiplex analysis of RNA interference defects in <em>T. brucei<\/em>.<\/strong><br \/>Alsford S, Glover L, Horn D. (2005) <a title=\"PubMed\" href=\"http:\/\/www.ncbi.nlm.nih.gov\/pubmed\/15610827\" target=\"_blank\" rel=\"noopener noreferrer\"><em>Molecular &amp; Biochemical Parasitology<\/em> 139: 129-32<\/a><\/p>\n<p><strong>Trypanosomatid histones<\/strong> (Review)<br \/>Alsford S, Horn D (2004)&nbsp; <a title=\"PubMed\" href=\"http:\/\/www.ncbi.nlm.nih.gov\/pubmed\/15228519\" target=\"_blank\" rel=\"noopener noreferrer\"><em>Molecular Microbiology<\/em> 53: 365-372<\/a>&nbsp;|&nbsp;<a title=\"Full Text\" href=\"http:\/\/onlinelibrary.wiley.com\/doi\/10.1111\/j.1365-2958.2004.04151.x\/pdf\" target=\"_blank\" rel=\"noopener noreferrer\">PDF<\/a><\/p>\n<p><strong>The identification of circular extrachromosomal DNA in the nuclear genome of <em>T. brucei<\/em>.<\/strong><br \/>Alsford NS, Navarro M, Jamnadass HR, Dunbar H, Ackroyd M, Murphy NB, Gull K, Ersfeld K (2003) <a title=\"PubMed\" href=\"http:\/\/www.ncbi.nlm.nih.gov\/pubmed\/12519183\" target=\"_blank\" rel=\"noopener noreferrer\"><em>Molecular Microbiology<\/em> 47: 277-89<\/a> | <a title=\"Full Text\" href=\"http:\/\/onlinelibrary.wiley.com\/doi\/10.1046\/j.1365-2958.2003.03266.x\/pdf\" target=\"_blank\" rel=\"noopener noreferrer\">PDF<\/a><\/p>\n<p><strong>Diversity and dynamics of the minichromosomal karyotype in <em>T. brucei<\/em>.<\/strong><br \/>Alsford S, Wickstead B, Ersfeld K, Gull K (2001) <a title=\"PubMed\" href=\"http:\/\/www.ncbi.nlm.nih.gov\/pubmed\/11254956\" target=\"_blank\" rel=\"noopener noreferrer\"><em>Molecular &amp; Biochemical Parasitology<\/em> 113: 79-88<\/a><\/p>\n<h2 class=\"wp-block-heading\">1995-2000<\/h2>\n<p><strong>Segregation of minichromosomes in trypanosomes: implications for mitotic mechanisms (Review)<\/strong><br \/>Gull K, Alsford S, Ersfeld K (1998) <a title=\"PubMed\" href=\"http:\/\/www.ncbi.nlm.nih.gov\/pubmed\/9746942\" target=\"_blank\" rel=\"noopener noreferrer\"><em>Trends in Microbiology<\/em> 6: 319-23<\/a><\/p>\n<p><strong>A fluorescence in situ hybridisation study of the regulation of histone mRNA levels during the cell cycle of <em>T. brucei<\/em>.<\/strong><br \/>Ersfeld K, Docherty R, Alsford S, Gull K (1996) <a title=\"PubMed\" href=\"http:\/\/www.ncbi.nlm.nih.gov\/pubmed\/8898335\" target=\"_blank\" rel=\"noopener noreferrer\"><em>Molecular &amp; Biochemical Parasitology<\/em> 30: 201-9<\/a><\/p>\n<p><strong>Molecular forms of tegumental and muscle acetylcholinesterases of <em>Schistosoma<\/em>.<\/strong><br \/>Camacho M, Alsford S, Agnew A (1996) <a title=\"PubMed\" href=\"http:\/\/www.ncbi.nlm.nih.gov\/pubmed\/8851859\" target=\"_blank\" rel=\"noopener noreferrer\"><em>Parasitology<\/em> 112: 199-204<\/a><\/p>\n<p><strong>Nicotinic acetylcholine receptors on the surface of the blood fluke <em>Schistosoma<\/em>.<\/strong><br \/>Camacho M, Alsford S, Jones A, Agnew A (1995) <a title=\"PubMed\" href=\"http:\/\/www.ncbi.nlm.nih.gov\/pubmed\/7630376\" target=\"_blank\" rel=\"noopener noreferrer\"><em>Molecular &amp; Biochemical Parasitology<\/em> 71: 127-34<\/a><\/p>\n","protected":false},"excerpt":{"rendered":"<p>Google Scholar | ORCID iD: 0000-0001-8621-4920 Bis-6-amidino-benzothiazole Derivative that Cures Experimental Stage 1 African Trypanosomiasis&#8230;<\/p>\n","protected":false},"author":116,"featured_media":0,"parent":0,"menu_order":4,"comment_status":"closed","ping_status":"closed","template":"","meta":{"footnotes":""},"class_list":["post-9","page","type-page","status-publish","hentry","odd"],"yoast_head":"<!-- This site is optimized with the Yoast SEO plugin v26.9 - https:\/\/yoast.com\/product\/yoast-seo-wordpress\/ -->\n<title>Publications - Alsford Lab<\/title>\n<meta name=\"robots\" content=\"index, follow, max-snippet:-1, max-image-preview:large, max-video-preview:-1\" \/>\n<link rel=\"canonical\" href=\"https:\/\/blogs.lshtm.ac.uk\/alsfordlab\/publications\/\" \/>\n<meta property=\"og:locale\" content=\"en_GB\" \/>\n<meta property=\"og:type\" content=\"article\" \/>\n<meta property=\"og:title\" content=\"Publications - Alsford Lab\" \/>\n<meta property=\"og:description\" content=\"Google Scholar | ORCID iD: 0000-0001-8621-4920 Bis-6-amidino-benzothiazole Derivative that Cures Experimental Stage 1 African Trypanosomiasis...\" \/>\n<meta property=\"og:url\" content=\"https:\/\/blogs.lshtm.ac.uk\/alsfordlab\/publications\/\" \/>\n<meta property=\"og:site_name\" content=\"Alsford Lab\" \/>\n<meta property=\"article:modified_time\" content=\"2025-11-24T09:45:46+00:00\" \/>\n<meta name=\"twitter:label1\" content=\"Estimated reading time\" \/>\n\t<meta name=\"twitter:data1\" content=\"6 minutes\" \/>\n<script type=\"application\/ld+json\" class=\"yoast-schema-graph\">{\"@context\":\"https:\/\/schema.org\",\"@graph\":[{\"@type\":\"WebPage\",\"@id\":\"https:\/\/blogs.lshtm.ac.uk\/alsfordlab\/publications\/\",\"url\":\"https:\/\/blogs.lshtm.ac.uk\/alsfordlab\/publications\/\",\"name\":\"Publications - Alsford Lab\",\"isPartOf\":{\"@id\":\"https:\/\/blogs.lshtm.ac.uk\/alsfordlab\/#website\"},\"datePublished\":\"2012-06-15T13:47:14+00:00\",\"dateModified\":\"2025-11-24T09:45:46+00:00\",\"inLanguage\":\"en-GB\",\"potentialAction\":[{\"@type\":\"ReadAction\",\"target\":[\"https:\/\/blogs.lshtm.ac.uk\/alsfordlab\/publications\/\"]}]},{\"@type\":\"WebSite\",\"@id\":\"https:\/\/blogs.lshtm.ac.uk\/alsfordlab\/#website\",\"url\":\"https:\/\/blogs.lshtm.ac.uk\/alsfordlab\/\",\"name\":\"Alsford Lab\",\"description\":\"Trypanosome molecular and cellular biology\",\"potentialAction\":[{\"@type\":\"SearchAction\",\"target\":{\"@type\":\"EntryPoint\",\"urlTemplate\":\"https:\/\/blogs.lshtm.ac.uk\/alsfordlab\/?s={search_term_string}\"},\"query-input\":{\"@type\":\"PropertyValueSpecification\",\"valueRequired\":true,\"valueName\":\"search_term_string\"}}],\"inLanguage\":\"en-GB\"}]}<\/script>\n<!-- \/ Yoast SEO plugin. -->","yoast_head_json":{"title":"Publications - Alsford Lab","robots":{"index":"index","follow":"follow","max-snippet":"max-snippet:-1","max-image-preview":"max-image-preview:large","max-video-preview":"max-video-preview:-1"},"canonical":"https:\/\/blogs.lshtm.ac.uk\/alsfordlab\/publications\/","og_locale":"en_GB","og_type":"article","og_title":"Publications - Alsford Lab","og_description":"Google Scholar | ORCID iD: 0000-0001-8621-4920 Bis-6-amidino-benzothiazole Derivative that Cures Experimental Stage 1 African Trypanosomiasis...","og_url":"https:\/\/blogs.lshtm.ac.uk\/alsfordlab\/publications\/","og_site_name":"Alsford Lab","article_modified_time":"2025-11-24T09:45:46+00:00","twitter_misc":{"Estimated reading time":"6 minutes"},"schema":{"@context":"https:\/\/schema.org","@graph":[{"@type":"WebPage","@id":"https:\/\/blogs.lshtm.ac.uk\/alsfordlab\/publications\/","url":"https:\/\/blogs.lshtm.ac.uk\/alsfordlab\/publications\/","name":"Publications - Alsford Lab","isPartOf":{"@id":"https:\/\/blogs.lshtm.ac.uk\/alsfordlab\/#website"},"datePublished":"2012-06-15T13:47:14+00:00","dateModified":"2025-11-24T09:45:46+00:00","inLanguage":"en-GB","potentialAction":[{"@type":"ReadAction","target":["https:\/\/blogs.lshtm.ac.uk\/alsfordlab\/publications\/"]}]},{"@type":"WebSite","@id":"https:\/\/blogs.lshtm.ac.uk\/alsfordlab\/#website","url":"https:\/\/blogs.lshtm.ac.uk\/alsfordlab\/","name":"Alsford Lab","description":"Trypanosome molecular and cellular biology","potentialAction":[{"@type":"SearchAction","target":{"@type":"EntryPoint","urlTemplate":"https:\/\/blogs.lshtm.ac.uk\/alsfordlab\/?s={search_term_string}"},"query-input":{"@type":"PropertyValueSpecification","valueRequired":true,"valueName":"search_term_string"}}],"inLanguage":"en-GB"}]}},"_links":{"self":[{"href":"https:\/\/blogs.lshtm.ac.uk\/alsfordlab\/wp-json\/wp\/v2\/pages\/9","targetHints":{"allow":["GET"]}}],"collection":[{"href":"https:\/\/blogs.lshtm.ac.uk\/alsfordlab\/wp-json\/wp\/v2\/pages"}],"about":[{"href":"https:\/\/blogs.lshtm.ac.uk\/alsfordlab\/wp-json\/wp\/v2\/types\/page"}],"author":[{"embeddable":true,"href":"https:\/\/blogs.lshtm.ac.uk\/alsfordlab\/wp-json\/wp\/v2\/users\/116"}],"replies":[{"embeddable":true,"href":"https:\/\/blogs.lshtm.ac.uk\/alsfordlab\/wp-json\/wp\/v2\/comments?post=9"}],"version-history":[{"count":182,"href":"https:\/\/blogs.lshtm.ac.uk\/alsfordlab\/wp-json\/wp\/v2\/pages\/9\/revisions"}],"predecessor-version":[{"id":1767,"href":"https:\/\/blogs.lshtm.ac.uk\/alsfordlab\/wp-json\/wp\/v2\/pages\/9\/revisions\/1767"}],"wp:attachment":[{"href":"https:\/\/blogs.lshtm.ac.uk\/alsfordlab\/wp-json\/wp\/v2\/media?parent=9"}],"curies":[{"name":"wp","href":"https:\/\/api.w.org\/{rel}","templated":true}]}}